{"id":126,"date":"2021-03-14T13:24:00","date_gmt":"2021-03-14T13:24:00","guid":{"rendered":"http:\/\/danofastigheter.se\/?page_id=126"},"modified":"2021-03-15T10:54:03","modified_gmt":"2021-03-15T10:54:03","slug":"lediga-bostader","status":"publish","type":"page","link":"https:\/\/danofastigheter.se\/?page_id=126","title":{"rendered":"Lediga bost\u00e4der"},"content":{"rendered":"\n<p>Vi har f\u00f6r n\u00e4rvarande inga lediga bost\u00e4der. Kontakta oss f\u00f6r bostadsk\u00f6<\/p>\n\n\n\n<p><a href=\"mailto:info@danofastigheter.se\" target=\"_blank\" rel=\"noreferrer noopener\">info@danofastigheter.se<\/a><\/p>\n","protected":false},"excerpt":{"rendered":"<p>Vi har f\u00f6r n\u00e4rvarande inga lediga bost\u00e4der. Kontakta oss f\u00f6r bostadsk\u00f6 info@danofastigheter.se<\/p>\n","protected":false},"author":1,"featured_media":0,"parent":0,"menu_order":0,"comment_status":"closed","ping_status":"closed","template":"","meta":{"spay_email":""},"_links":{"self":[{"href":"https:\/\/danofastigheter.se\/index.php?rest_route=\/wp\/v2\/pages\/126"}],"collection":[{"href":"https:\/\/danofastigheter.se\/index.php?rest_route=\/wp\/v2\/pages"}],"about":[{"href":"https:\/\/danofastigheter.se\/index.php?rest_route=\/wp\/v2\/types\/page"}],"author":[{"embeddable":true,"href":"https:\/\/danofastigheter.se\/index.php?rest_route=\/wp\/v2\/users\/1"}],"replies":[{"embeddable":true,"href":"https:\/\/danofastigheter.se\/index.php?rest_route=%2Fwp%2Fv2%2Fcomments&post=126"}],"version-history":[{"count":2,"href":"https:\/\/danofastigheter.se\/index.php?rest_route=\/wp\/v2\/pages\/126\/revisions"}],"predecessor-version":[{"id":162,"href":"https:\/\/danofastigheter.se\/index.php?rest_route=\/wp\/v2\/pages\/126\/revisions\/162"}],"wp:attachment":[{"href":"https:\/\/danofastigheter.se\/index.php?rest_route=%2Fwp%2Fv2%2Fmedia&parent=126"}],"curies":[{"name":"wp","href":"https:\/\/api.w.org\/{rel}","templated":true}]}}